{"id":1244,"date":"2020-12-15T10:18:30","date_gmt":"2020-12-15T10:18:30","guid":{"rendered":"https:\/\/startertemplatecloud.com\/e08\/?post_type=product&#038;p=130"},"modified":"2024-04-30T19:12:11","modified_gmt":"2024-04-30T17:12:11","slug":"santa-maria","status":"publish","type":"product","link":"https:\/\/echoppegusto.fr\/index.php\/product\/santa-maria\/","title":{"rendered":"La plancha \u00ab\u00a0Santa Maria\u00a0\u00bb"},"content":{"rendered":"<p>Sur cette plancha g\u00e9n\u00e9reuse, vous trouverez une vari\u00e9t\u00e9 exquise de charcuteries fines, chacune apportant sa propre saveur et texture distinctes. Chaque tranche est un hommage aux traditions artisanales italiennes, offrant un \u00e9ventail de go\u00fbts allant du doux au cors\u00e9.<br \/>\nPlancha pour 2 personnes.<\/p>\n","protected":false},"excerpt":{"rendered":"<p>La plancha charcuterie et fromage italien \u00ab Santa Maria \u00bb incarne l\u2019essence m\u00eame de la joie de vivre italienne. Cette d\u00e9licieuse s\u00e9lection de charcuteries et de fromages italiens soigneusement choisis vous transporte instantan\u00e9ment dans les rues ensoleill\u00e9es de l\u2019Italie.<br \/>\nLa plancha \u00ab Santa Maria \u00bb est compos\u00e9e de jambon Fior di crudo, salame Milano, jambon cuit \u00e0 la truffe et de saucisson \u00e0 la truffe.<br \/>\nSon fromage est un pecorino fresco \u00e0 la truffe.<\/p>\n","protected":false},"featured_media":1591,"template":"","meta":{"_price":"25.5","_stock":"","_tribe_ticket_header":"","_tribe_default_ticket_provider":"","_tribe_ticket_capacity":"0","_ticket_start_date":"","_ticket_end_date":"","_tribe_ticket_show_description":"","_tribe_ticket_show_not_going":false,"_tribe_ticket_use_global_stock":"","_tribe_ticket_global_stock_level":"","_global_stock_mode":"","_global_stock_cap":"","_tribe_rsvp_for_event":"","_tribe_ticket_going_count":"","_tribe_ticket_not_going_count":"","_tribe_tickets_list":"[]","_tribe_ticket_has_attendee_info_fields":false,"_EventAllDay":false,"_EventTimezone":"","_EventStartDate":"","_EventEndDate":"","_EventStartDateUTC":"","_EventEndDateUTC":"","_EventShowMap":false,"_EventShowMapLink":false,"_EventURL":"","_EventCost":"","_EventCostDescription":"","_EventCurrencySymbol":"","_EventCurrencyCode":"","_EventCurrencyPosition":"","_EventDateTimeSeparator":"","_EventTimeRangeSeparator":"","_EventOrganizerID":[],"_EventVenueID":[],"_OrganizerEmail":"","_OrganizerPhone":"","_OrganizerWebsite":"","_VenueAddress":"","_VenueCity":"","_VenueCountry":"","_VenueProvince":"","_VenueState":"","_VenueZip":"","_VenuePhone":"","_VenueURL":"","_VenueStateProvince":"","_VenueLat":"","_VenueLng":"","_VenueShowMap":false,"_VenueShowMapLink":false,"_kadence_starter_templates_imported_post":true,"_kad_post_transparent":"default","_kad_post_title":"","_kad_post_layout":"default","_kad_post_sidebar_id":"","_kad_post_content_style":"default","_kad_post_vertical_padding":"default","_kad_post_feature":"","_kad_post_feature_position":"","_kad_post_header":false,"_kad_post_footer":false},"product_brand":[],"product_cat":[17],"product_tag":[],"class_list":{"0":"post-1244","1":"product","2":"type-product","3":"status-publish","4":"has-post-thumbnail","6":"product_cat-uncategorized","7":"product_shipping_class-clickcollect","9":"first","10":"instock","11":"shipping-taxable","12":"purchasable","13":"product-type-simple","14":"entry","15":"content-bg","16":"loop-entry"},"_links":{"self":[{"href":"https:\/\/echoppegusto.fr\/index.php\/wp-json\/wp\/v2\/product\/1244","targetHints":{"allow":["GET"]}}],"collection":[{"href":"https:\/\/echoppegusto.fr\/index.php\/wp-json\/wp\/v2\/product"}],"about":[{"href":"https:\/\/echoppegusto.fr\/index.php\/wp-json\/wp\/v2\/types\/product"}],"wp:featuredmedia":[{"embeddable":true,"href":"https:\/\/echoppegusto.fr\/index.php\/wp-json\/wp\/v2\/media\/1591"}],"wp:attachment":[{"href":"https:\/\/echoppegusto.fr\/index.php\/wp-json\/wp\/v2\/media?parent=1244"}],"wp:term":[{"taxonomy":"product_brand","embeddable":true,"href":"https:\/\/echoppegusto.fr\/index.php\/wp-json\/wp\/v2\/product_brand?post=1244"},{"taxonomy":"product_cat","embeddable":true,"href":"https:\/\/echoppegusto.fr\/index.php\/wp-json\/wp\/v2\/product_cat?post=1244"},{"taxonomy":"product_tag","embeddable":true,"href":"https:\/\/echoppegusto.fr\/index.php\/wp-json\/wp\/v2\/product_tag?post=1244"}],"curies":[{"name":"wp","href":"https:\/\/api.w.org\/{rel}","templated":true}]}}